{"id":120,"date":"2025-04-29T20:56:49","date_gmt":"2025-04-29T18:56:49","guid":{"rendered":"https:\/\/www.cintac.cl\/solucionesindustrializadas\/?page_id=120"},"modified":"2025-12-16T03:23:06","modified_gmt":"2025-12-16T02:23:06","slug":"aislawall","status":"publish","type":"page","link":"https:\/\/www.cintac.cl\/solucionesindustrializadas\/aislawall\/","title":{"rendered":"AISLAWALL"},"content":{"rendered":"\t\t<div data-elementor-type=\"wp-page\" data-elementor-id=\"120\" class=\"elementor elementor-120\" data-elementor-post-type=\"page\">\n\t\t\t\t<div class=\"elementor-element elementor-element-be3050e e-flex e-con-boxed e-con e-parent\" data-id=\"be3050e\" data-element_type=\"container\" data-settings=\"{&quot;background_background&quot;:&quot;video&quot;,&quot;background_video_link&quot;:&quot;https:\\\/\\\/youtu.be\\\/tfxhh7BOt2k&quot;,&quot;background_play_on_mobile&quot;:&quot;yes&quot;}\">\n\t\t\t\t\t<div class=\"e-con-inner\">\n\t\t<div class=\"elementor-background-video-container\">\n\t\t\t\t\t\t\t<div class=\"elementor-background-video-embed\" role=\"presentation\"><\/div>\n\t\t\t\t\t\t<\/div><div class=\"elementor-element elementor-element-8c3f0d2 e-con-full e-flex e-con e-child\" data-id=\"8c3f0d2\" data-element_type=\"container\">\n\t\t\t\t<div class=\"elementor-element elementor-element-7b24569 elementor-widget elementor-widget-heading\" data-id=\"7b24569\" data-element_type=\"widget\" data-widget_type=\"heading.default\">\n\t\t\t\t<div class=\"elementor-widget-container\">\n\t\t\t\t\t<h2 class=\"elementor-heading-title elementor-size-default\">AISLAWALL<\/h2>\t\t\t\t<\/div>\n\t\t\t\t<\/div>\n\t\t\t\t<div class=\"elementor-element elementor-element-018d19e elementor-widget elementor-widget-text-editor\" data-id=\"018d19e\" data-element_type=\"widget\" data-widget_type=\"text-editor.default\">\n\t\t\t\t<div class=\"elementor-widget-container\">\n\t\t\t\t\t\t\t\t\t<p>\u00bfEres arquitecto, constructora o inmobiliaria?<br \/>Deja atr\u00e1s los problemas t\u00e9rmicos, Aislawall la soluci\u00f3n a tus proyectos.<\/p>\t\t\t\t\t\t\t\t<\/div>\n\t\t\t\t<\/div>\n\t\t\t\t<\/div>\n\t\t<div class=\"elementor-element elementor-element-594bb04 e-con-full e-flex e-con e-child\" data-id=\"594bb04\" data-element_type=\"container\">\n\t\t\t\t<div class=\"elementor-element elementor-element-9e6cbf8 elementor-align-justify elementor-widget elementor-widget-button\" data-id=\"9e6cbf8\" data-element_type=\"widget\" data-widget_type=\"button.default\">\n\t\t\t\t<div class=\"elementor-widget-container\">\n\t\t\t\t\t\t\t\t\t<div class=\"elementor-button-wrapper\">\n\t\t\t\t\t<a class=\"elementor-button elementor-button-link elementor-size-sm\" href=\"https:\/\/www.cintac.cl\/solucionesindustrializadas\/aislawall-crown\/\">\n\t\t\t\t\t\t<span class=\"elementor-button-content-wrapper\">\n\t\t\t\t\t\t<span class=\"elementor-button-icon\">\n\t\t\t\t<svg aria-hidden=\"true\" class=\"e-font-icon-svg e-fas-dot-circle\" viewBox=\"0 0 512 512\" xmlns=\"http:\/\/www.w3.org\/2000\/svg\"><path d=\"M256 8C119.033 8 8 119.033 8 256s111.033 248 248 248 248-111.033 248-248S392.967 8 256 8zm80 248c0 44.112-35.888 80-80 80s-80-35.888-80-80 35.888-80 80-80 80 35.888 80 80z\"><\/path><\/svg>\t\t\t<\/span>\n\t\t\t\t\t\t\t\t\t<span class=\"elementor-button-text\">AISLAWALL CROWN\u200b<\/span>\n\t\t\t\t\t<\/span>\n\t\t\t\t\t<\/a>\n\t\t\t\t<\/div>\n\t\t\t\t\t\t\t\t<\/div>\n\t\t\t\t<\/div>\n\t\t\t\t<div class=\"elementor-element elementor-element-c8545c1 elementor-align-justify elementor-hidden-desktop elementor-hidden-tablet elementor-hidden-mobile elementor-widget elementor-widget-button\" data-id=\"c8545c1\" data-element_type=\"widget\" data-widget_type=\"button.default\">\n\t\t\t\t<div class=\"elementor-widget-container\">\n\t\t\t\t\t\t\t\t\t<div class=\"elementor-button-wrapper\">\n\t\t\t\t\t<a class=\"elementor-button elementor-button-link elementor-size-sm\" href=\"https:\/\/www.cintac.cl\/solucionesindustrializadas\/aislawall-yc\/\">\n\t\t\t\t\t\t<span class=\"elementor-button-content-wrapper\">\n\t\t\t\t\t\t<span class=\"elementor-button-icon\">\n\t\t\t\t<svg aria-hidden=\"true\" class=\"e-font-icon-svg e-fas-dot-circle\" viewBox=\"0 0 512 512\" xmlns=\"http:\/\/www.w3.org\/2000\/svg\"><path d=\"M256 8C119.033 8 8 119.033 8 256s111.033 248 248 248 248-111.033 248-248S392.967 8 256 8zm80 248c0 44.112-35.888 80-80 80s-80-35.888-80-80 35.888-80 80-80 80 35.888 80 80z\"><\/path><\/svg>\t\t\t<\/span>\n\t\t\t\t\t\t\t\t\t<span class=\"elementor-button-text\">AISLAWAL YC\u200b\u200b<\/span>\n\t\t\t\t\t<\/span>\n\t\t\t\t\t<\/a>\n\t\t\t\t<\/div>\n\t\t\t\t\t\t\t\t<\/div>\n\t\t\t\t<\/div>\n\t\t\t\t<\/div>\n\t\t\t\t\t<\/div>\n\t\t\t\t<\/div>\n\t\t\t\t<\/div>\n\t\t","protected":false},"excerpt":{"rendered":"<p>AISLAWALL \u00bfEres arquitecto, constructora o inmobiliaria?Deja atr\u00e1s los problemas t\u00e9rmicos, Aislawall la soluci\u00f3n a tus proyectos. AISLAWALL CROWN\u200b AISLAWAL YC\u200b\u200b<\/p>\n","protected":false},"author":2,"featured_media":0,"parent":0,"menu_order":0,"comment_status":"closed","ping_status":"closed","template":"","meta":{"content-type":"","footnotes":""},"class_list":["post-120","page","type-page","status-publish","hentry"],"_links":{"self":[{"href":"https:\/\/www.cintac.cl\/solucionesindustrializadas\/wp-json\/wp\/v2\/pages\/120","targetHints":{"allow":["GET"]}}],"collection":[{"href":"https:\/\/www.cintac.cl\/solucionesindustrializadas\/wp-json\/wp\/v2\/pages"}],"about":[{"href":"https:\/\/www.cintac.cl\/solucionesindustrializadas\/wp-json\/wp\/v2\/types\/page"}],"author":[{"embeddable":true,"href":"https:\/\/www.cintac.cl\/solucionesindustrializadas\/wp-json\/wp\/v2\/users\/2"}],"replies":[{"embeddable":true,"href":"https:\/\/www.cintac.cl\/solucionesindustrializadas\/wp-json\/wp\/v2\/comments?post=120"}],"version-history":[{"count":206,"href":"https:\/\/www.cintac.cl\/solucionesindustrializadas\/wp-json\/wp\/v2\/pages\/120\/revisions"}],"predecessor-version":[{"id":2477,"href":"https:\/\/www.cintac.cl\/solucionesindustrializadas\/wp-json\/wp\/v2\/pages\/120\/revisions\/2477"}],"wp:attachment":[{"href":"https:\/\/www.cintac.cl\/solucionesindustrializadas\/wp-json\/wp\/v2\/media?parent=120"}],"curies":[{"name":"wp","href":"https:\/\/api.w.org\/{rel}","templated":true}]}}