{"id":198,"date":"2025-04-29T22:59:44","date_gmt":"2025-04-29T20:59:44","guid":{"rendered":"https:\/\/www.cintac.cl\/solucionesindustrializadas\/?page_id=198"},"modified":"2025-05-09T18:33:19","modified_gmt":"2025-05-09T16:33:19","slug":"metalkit","status":"publish","type":"page","link":"https:\/\/www.cintac.cl\/solucionesindustrializadas\/metalkit\/","title":{"rendered":"METALKIT"},"content":{"rendered":"\t\t<div data-elementor-type=\"wp-page\" data-elementor-id=\"198\" class=\"elementor elementor-198\" data-elementor-post-type=\"page\">\n\t\t\t\t<div class=\"elementor-element elementor-element-bb9e0c3 e-flex e-con-boxed e-con e-parent\" data-id=\"bb9e0c3\" data-element_type=\"container\" data-settings=\"{&quot;background_background&quot;:&quot;video&quot;,&quot;background_video_link&quot;:&quot;https:\\\/\\\/youtu.be\\\/tfxhh7BOt2k&quot;,&quot;background_play_on_mobile&quot;:&quot;yes&quot;}\">\n\t\t\t\t\t<div class=\"e-con-inner\">\n\t\t<div class=\"elementor-background-video-container\">\n\t\t\t\t\t\t\t<div class=\"elementor-background-video-embed\" role=\"presentation\"><\/div>\n\t\t\t\t\t\t<\/div><div class=\"elementor-element elementor-element-19d5e3d e-con-full e-flex e-con e-child\" data-id=\"19d5e3d\" data-element_type=\"container\">\n\t\t\t\t<div class=\"elementor-element elementor-element-c72790c elementor-widget elementor-widget-heading\" data-id=\"c72790c\" data-element_type=\"widget\" data-widget_type=\"heading.default\">\n\t\t\t\t<div class=\"elementor-widget-container\">\n\t\t\t\t\t<h2 class=\"elementor-heading-title elementor-size-default\">Producto: METALKIT<\/h2>\t\t\t\t<\/div>\n\t\t\t\t<\/div>\n\t\t\t\t<div class=\"elementor-element elementor-element-e6d8d27 elementor-widget elementor-widget-text-editor\" data-id=\"e6d8d27\" data-element_type=\"widget\" data-widget_type=\"text-editor.default\">\n\t\t\t\t<div class=\"elementor-widget-container\">\n\t\t\t\t\t\t\t\t\t<p>Sistemas panelizados de aislaci\u00f3n t\u00e9rmica exterior, de <br \/>f\u00e1cil y r\u00e1pida instalaci\u00f3n y que mejoran la eficiencia energ\u00e9tica de las edificaciones.<\/p>\t\t\t\t\t\t\t\t<\/div>\n\t\t\t\t<\/div>\n\t\t\t\t<\/div>\n\t\t<div class=\"elementor-element elementor-element-b9f6373 e-con-full e-flex e-con e-child\" data-id=\"b9f6373\" data-element_type=\"container\">\n\t\t\t\t<div class=\"elementor-element elementor-element-c909592 elementor-align-justify elementor-widget elementor-widget-button\" data-id=\"c909592\" data-element_type=\"widget\" data-widget_type=\"button.default\">\n\t\t\t\t<div class=\"elementor-widget-container\">\n\t\t\t\t\t\t\t\t\t<div class=\"elementor-button-wrapper\">\n\t\t\t\t\t<a class=\"elementor-button elementor-button-link elementor-size-sm\" href=\"https:\/\/www.cintac.cl\/solucionesindustrializadas\/metalkit-casa-vita\/\">\n\t\t\t\t\t\t<span class=\"elementor-button-content-wrapper\">\n\t\t\t\t\t\t<span class=\"elementor-button-icon\">\n\t\t\t\t<svg aria-hidden=\"true\" class=\"e-font-icon-svg e-fas-dot-circle\" viewBox=\"0 0 512 512\" xmlns=\"http:\/\/www.w3.org\/2000\/svg\"><path d=\"M256 8C119.033 8 8 119.033 8 256s111.033 248 248 248 248-111.033 248-248S392.967 8 256 8zm80 248c0 44.112-35.888 80-80 80s-80-35.888-80-80 35.888-80 80-80 80 35.888 80 80z\"><\/path><\/svg>\t\t\t<\/span>\n\t\t\t\t\t\t\t\t\t<span class=\"elementor-button-text\">CASA VITA<\/span>\n\t\t\t\t\t<\/span>\n\t\t\t\t\t<\/a>\n\t\t\t\t<\/div>\n\t\t\t\t\t\t\t\t<\/div>\n\t\t\t\t<\/div>\n\t\t\t\t<div class=\"elementor-element elementor-element-b0bbdf8 elementor-align-justify elementor-widget elementor-widget-button\" data-id=\"b0bbdf8\" data-element_type=\"widget\" data-widget_type=\"button.default\">\n\t\t\t\t<div class=\"elementor-widget-container\">\n\t\t\t\t\t\t\t\t\t<div class=\"elementor-button-wrapper\">\n\t\t\t\t\t<a class=\"elementor-button elementor-button-link elementor-size-sm\" href=\"https:\/\/www.cintac.cl\/solucionesindustrializadas\/metalkit-fast-home-2\/\">\n\t\t\t\t\t\t<span class=\"elementor-button-content-wrapper\">\n\t\t\t\t\t\t<span class=\"elementor-button-icon\">\n\t\t\t\t<svg aria-hidden=\"true\" class=\"e-font-icon-svg e-fas-dot-circle\" viewBox=\"0 0 512 512\" xmlns=\"http:\/\/www.w3.org\/2000\/svg\"><path d=\"M256 8C119.033 8 8 119.033 8 256s111.033 248 248 248 248-111.033 248-248S392.967 8 256 8zm80 248c0 44.112-35.888 80-80 80s-80-35.888-80-80 35.888-80 80-80 80 35.888 80 80z\"><\/path><\/svg>\t\t\t<\/span>\n\t\t\t\t\t\t\t\t\t<span class=\"elementor-button-text\">FAST HOME<\/span>\n\t\t\t\t\t<\/span>\n\t\t\t\t\t<\/a>\n\t\t\t\t<\/div>\n\t\t\t\t\t\t\t\t<\/div>\n\t\t\t\t<\/div>\n\t\t\t\t<\/div>\n\t\t\t\t\t<\/div>\n\t\t\t\t<\/div>\n\t\t\t\t<\/div>\n\t\t","protected":false},"excerpt":{"rendered":"<p>Producto: METALKIT Sistemas panelizados de aislaci\u00f3n t\u00e9rmica exterior, de f\u00e1cil y r\u00e1pida instalaci\u00f3n y que mejoran la eficiencia energ\u00e9tica de las edificaciones. CASA VITA FAST HOME<\/p>\n","protected":false},"author":2,"featured_media":0,"parent":0,"menu_order":0,"comment_status":"closed","ping_status":"closed","template":"","meta":{"content-type":"","footnotes":""},"class_list":["post-198","page","type-page","status-publish","hentry"],"_links":{"self":[{"href":"https:\/\/www.cintac.cl\/solucionesindustrializadas\/wp-json\/wp\/v2\/pages\/198","targetHints":{"allow":["GET"]}}],"collection":[{"href":"https:\/\/www.cintac.cl\/solucionesindustrializadas\/wp-json\/wp\/v2\/pages"}],"about":[{"href":"https:\/\/www.cintac.cl\/solucionesindustrializadas\/wp-json\/wp\/v2\/types\/page"}],"author":[{"embeddable":true,"href":"https:\/\/www.cintac.cl\/solucionesindustrializadas\/wp-json\/wp\/v2\/users\/2"}],"replies":[{"embeddable":true,"href":"https:\/\/www.cintac.cl\/solucionesindustrializadas\/wp-json\/wp\/v2\/comments?post=198"}],"version-history":[{"count":89,"href":"https:\/\/www.cintac.cl\/solucionesindustrializadas\/wp-json\/wp\/v2\/pages\/198\/revisions"}],"predecessor-version":[{"id":1770,"href":"https:\/\/www.cintac.cl\/solucionesindustrializadas\/wp-json\/wp\/v2\/pages\/198\/revisions\/1770"}],"wp:attachment":[{"href":"https:\/\/www.cintac.cl\/solucionesindustrializadas\/wp-json\/wp\/v2\/media?parent=198"}],"curies":[{"name":"wp","href":"https:\/\/api.w.org\/{rel}","templated":true}]}}